{"id":3644,"date":"2015-02-17T11:35:17","date_gmt":"2015-02-17T11:35:17","guid":{"rendered":"http:\/\/cesumakslasskola.lv\/?page_id=3644"},"modified":"2025-05-12T08:05:10","modified_gmt":"2025-05-12T08:05:10","slug":"skolas-pasnovertejuma-zinojums","status":"publish","type":"page","link":"https:\/\/cesumakslasskola.lv\/?page_id=3644","title":{"rendered":"Skolas iek\u0161\u0113jie dokumenti"},"content":{"rendered":"\r\n<div>\r\n<p><a href=\"https:\/\/cesumakslasskola.lv\/wp-content\/uploads\/2025\/05\/Pusgadaplans_2024.2025m.g.2.sem_atualiztes_28.04.2025..pdf\">Pusgada pl\u0101ns_2024.\/2025. m.g. 2.semestris.<\/a><\/p>\r\n<p><a href=\"https:\/\/cesumakslasskola.lv\/wp-content\/uploads\/2025\/03\/K\u0101rt\u012bba-k\u0101d\u0101-izgl\u012bt\u012bbas-iest\u0101d\u0113-uzturas-izgl\u012btojamo-vec\u0101ki-un-citas-personas..pdf\">K\u0101rt\u012bba, k\u0101d\u0101 izgl\u012bt\u012bbas iest\u0101d\u0113 uzturas izgl\u012btojamo vec\u0101ki un citas personas.<\/a><\/p>\r\n<p><a href=\"https:\/\/cesumakslasskola.lv\/wp-content\/uploads\/2025\/03\/Izgl\u012btojamo_Dro\u0161\u012bbas_noteikumi_2025_01.pdf\">Izgl\u012btojamo_Dro\u0161\u012bbas_noteikumi.<\/a><\/p>\r\n<p><a href=\"https:\/\/cesumakslasskola.lv\/wp-content\/uploads\/2025\/03\/00106_CMS-Attistibas-plans-2025_170225-1-1.pdf\">Att\u012b<\/a><a href=\"https:\/\/cesumakslasskola.lv\/wp-content\/uploads\/2025\/03\/00106_CMS-Attistibas-plans-2025_170225-1-1.pdf\">st\u012bbas pl\u0101ns 2025. &#8211; 2028. m.g.<\/a><\/p>\r\n<p><a href=\"https:\/\/cesumakslasskola.lv\/wp-content\/uploads\/2025\/01\/PRCPMS_v\u0113rt\u0113\u0161anas_p\u0101rcel\u0161anas_atskait\u012b\u0161anas-1.pdf\">PRCPMS_v\u0113rt\u0113\u0161anas,_p\u0101rcel\u0161anas,_atskait\u012b\u0161anas<\/a>, noteikumi<\/p>\r\n<\/div>\r\n<div><a href=\"https:\/\/cesumakslasskola.lv\/wp-content\/uploads\/2025\/01\/Ieksejas-kart_not__2024.-PRCPMS-1.pdf\">Iek\u0161\u0113j\u0101s k\u0101rt\u012bbas noteikumi. <\/a><\/div>\r\n<div>\u00a0<\/div>\r\n<div><a href=\"https:\/\/cesumakslasskola.lv\/wp-content\/uploads\/2024\/06\/Nolikums-2024.g.-Lemums-258-2.doc\">Nolikums 2024.g. Lemums 258<\/a><\/div>\r\n<div>\u00a0<\/div>\r\n<div><a href=\"https:\/\/cesumakslasskola.lv\/wp-content\/uploads\/2025\/01\/Darba_kartibas_-noteikumi_2024_PRCPMS-_11.nov_..pdf\">Darba k\u0101rt\u012bbas noteikumi.<\/a><\/div>\r\n<div>\u00a0<\/div>\r\n<div><a href=\"https:\/\/cesumakslasskola.lv\/wp-content\/uploads\/2025\/01\/PRCPMS_B\u0113rnu_s\u016bdz\u012bbu_iesnieg\u0161anas_un_izskat\u012b\u0161anas_k\u0101rt\u012bba_02.01.2025..pdf\">PRCPMS_B\u0113rnu_s\u016bdz\u012bbu_iesnieg\u0161anas_un_izskat\u012b\u0161anas_k\u0101rt\u012bba_02.01.2025.<\/a><\/div>\r\n<div>\u00a0<\/div>\r\n<div><a href=\"https:\/\/cesumakslasskola.lv\/wp-content\/uploads\/2024\/09\/2024_1.09.-31.12._Pusgada_Plans_CesuMakslasSkola-1-1.pdf\">1.pusgada darba_pl\u0101ns 2024.\/2025.m.g. 1. semestris<\/a><\/div>\r\n<div>\u00a0<\/div>\r\n<div><a href=\"https:\/\/cesumakslasskola.lv\/wp-content\/uploads\/2024\/11\/Pa\u0161nov\u0113rt\u0113juma-zi\u0146ojuma-veidnis_jaunais_prof_iev-1.doc\">Pa\u0161nov\u0113rt\u0113juma zi\u0146ojums_2023.\/2024.m.g.<\/a><\/div>\r\n<div>\u00a0<\/div>\r\n<div><a href=\"https:\/\/cesumakslasskola.lv\/wp-content\/uploads\/2023\/10\/Pa\u0161nov\u0113rt\u0113juma-zi\u0146ojums-23.24.m.g..doc\">Pa\u0161nov\u0113rt\u0113juma zi\u0146ojums 2022.\/2023. m.g.<\/a><\/div>\r\n\r\n\r\n\r\n\r\n\r\n\r\n\r\n<div>\u00a0<\/div>\r\n\r\n\r\n\r\n<div><a href=\"https:\/\/cesumakslasskola.lv\/wp-content\/uploads\/2023\/05\/Uz\u0146em\u0161anas-k\u0101rt\u012bba.doc\">Izgl\u012btojamo uz\u0146em\u0161anas k\u0101rt\u012bba<\/a><\/div>\r\n<div>\u00a0<\/div>\r\n\r\n\r\n\r\n<div class=\"wp-block-file\">\u00a0<\/div>\r\n<div>\u00a0<\/div>\r\n\r\n\r\n\r\n<div class=\"wp-block-file\">\u00a0<\/div>\r\n<div>\u00a0<\/div>\r\n<div>\u00a0<\/div>\r\n\r\n\r\n\r\n<div class=\"wp-block-file\">\u00a0<\/div>\r\n","protected":false},"excerpt":{"rendered":"","protected":false},"author":1,"featured_media":0,"parent":684,"menu_order":0,"comment_status":"open","ping_status":"open","template":"","meta":{"footnotes":""},"class_list":["post-3644","page","type-page","status-publish","hentry"],"_links":{"self":[{"href":"https:\/\/cesumakslasskola.lv\/index.php?rest_route=\/wp\/v2\/pages\/3644","targetHints":{"allow":["GET"]}}],"collection":[{"href":"https:\/\/cesumakslasskola.lv\/index.php?rest_route=\/wp\/v2\/pages"}],"about":[{"href":"https:\/\/cesumakslasskola.lv\/index.php?rest_route=\/wp\/v2\/types\/page"}],"author":[{"embeddable":true,"href":"https:\/\/cesumakslasskola.lv\/index.php?rest_route=\/wp\/v2\/users\/1"}],"replies":[{"embeddable":true,"href":"https:\/\/cesumakslasskola.lv\/index.php?rest_route=%2Fwp%2Fv2%2Fcomments&post=3644"}],"version-history":[{"count":75,"href":"https:\/\/cesumakslasskola.lv\/index.php?rest_route=\/wp\/v2\/pages\/3644\/revisions"}],"predecessor-version":[{"id":8520,"href":"https:\/\/cesumakslasskola.lv\/index.php?rest_route=\/wp\/v2\/pages\/3644\/revisions\/8520"}],"up":[{"embeddable":true,"href":"https:\/\/cesumakslasskola.lv\/index.php?rest_route=\/wp\/v2\/pages\/684"}],"wp:attachment":[{"href":"https:\/\/cesumakslasskola.lv\/index.php?rest_route=%2Fwp%2Fv2%2Fmedia&parent=3644"}],"curies":[{"name":"wp","href":"https:\/\/api.w.org\/{rel}","templated":true}]}}