{"id":4995,"date":"2019-02-24T17:43:26","date_gmt":"2019-02-24T17:43:26","guid":{"rendered":"http:\/\/cesumakslasskola.lv\/?page_id=4995"},"modified":"2025-04-28T07:56:51","modified_gmt":"2025-04-28T07:56:51","slug":"skolenu-talakizglitibas-iespejas-maksla","status":"publish","type":"page","link":"https:\/\/cesumakslasskola.lv\/?page_id=4995","title":{"rendered":"Skol\u0113nu t\u0101l\u0101kizgl\u012bt\u012bbas iesp\u0113jas M\u0101ksl\u0101"},"content":{"rendered":"\r\n<p><a href=\"https:\/\/www.rdmv.lv\">R\u012aGAS DIZAINA UN M\u0100KSLAS VIDUSSKOLA<\/a><\/p>\r\n\r\n\r\n\r\n<p><a href=\"http:\/\/www.rmmt.lv\">R\u012aGAS M\u0100KSLAS UN MEDIJU TEHNIKUMS<\/a><\/p>\r\n\r\n\r\n\r\n<p><a href=\"https:\/\/jrskola.lv\/\">MIKC NMV Ja\u0146a Rozent\u0101la M\u0101kslas skola<\/a><\/p>\r\n\r\n\r\n\r\n<p><a href=\"http:\/\/www.vmv.lv\">VALMIERAS M\u0100KSLAS VIDUSSKOLA<\/a><\/p>\r\n\r\n\r\n\r\n<p><a href=\"https:\/\/www.vtdt.lv\/\">VIDZEMES TEHNOLO\u0122IJU UN DIZAINA VIDUSSKOLA<\/a><\/p>\r\n\r\n\r\n\r\n<p><a href=\"https:\/\/www.lma.lv\/\">LATVIJAS\u00a0M\u0100KSLAS\u00a0AKAD\u0112MIJA<\/a><\/p>\r\n\r\n\r\n\r\n<p><a href=\"https:\/\/kulturaskoledza.lv\/\">LATVIJAS\u00a0KULT\u016aRAS\u00a0KOLED\u017dA<\/a><\/p>\r\n\r\n\r\n\r\n<p><a href=\"https:\/\/lka.edu.lv\/lv\/\">LATVIJAS\u00a0KULT\u016aRAS\u00a0AKAD\u0112MIJA<\/a><\/p>\r\n","protected":false},"excerpt":{"rendered":"<p>R\u012aGAS DIZAINA UN M\u0100KSLAS VIDUSSKOLA R\u012aGAS M\u0100KSLAS UN MEDIJU TEHNIKUMS MIKC NMV Ja\u0146a Rozent\u0101la M\u0101kslas skola VALMIERAS M\u0100KSLAS VIDUSSKOLA VIDZEMES TEHNOLO\u0122IJU UN DIZAINA VIDUSSKOLA LATVIJAS\u00a0M\u0100KSLAS\u00a0AKAD\u0112MIJA LATVIJAS\u00a0KULT\u016aRAS\u00a0KOLED\u017dA LATVIJAS\u00a0KULT\u016aRAS\u00a0AKAD\u0112MIJA<\/p>\n","protected":false},"author":1,"featured_media":0,"parent":0,"menu_order":0,"comment_status":"closed","ping_status":"closed","template":"","meta":{"footnotes":""},"class_list":["post-4995","page","type-page","status-publish","hentry"],"_links":{"self":[{"href":"https:\/\/cesumakslasskola.lv\/index.php?rest_route=\/wp\/v2\/pages\/4995","targetHints":{"allow":["GET"]}}],"collection":[{"href":"https:\/\/cesumakslasskola.lv\/index.php?rest_route=\/wp\/v2\/pages"}],"about":[{"href":"https:\/\/cesumakslasskola.lv\/index.php?rest_route=\/wp\/v2\/types\/page"}],"author":[{"embeddable":true,"href":"https:\/\/cesumakslasskola.lv\/index.php?rest_route=\/wp\/v2\/users\/1"}],"replies":[{"embeddable":true,"href":"https:\/\/cesumakslasskola.lv\/index.php?rest_route=%2Fwp%2Fv2%2Fcomments&post=4995"}],"version-history":[{"count":7,"href":"https:\/\/cesumakslasskola.lv\/index.php?rest_route=\/wp\/v2\/pages\/4995\/revisions"}],"predecessor-version":[{"id":8469,"href":"https:\/\/cesumakslasskola.lv\/index.php?rest_route=\/wp\/v2\/pages\/4995\/revisions\/8469"}],"wp:attachment":[{"href":"https:\/\/cesumakslasskola.lv\/index.php?rest_route=%2Fwp%2Fv2%2Fmedia&parent=4995"}],"curies":[{"name":"wp","href":"https:\/\/api.w.org\/{rel}","templated":true}]}}