{"id":620,"date":"2010-08-31T19:03:20","date_gmt":"2010-08-31T19:03:20","guid":{"rendered":"http:\/\/cms.skynet.lv\/?page_id=620"},"modified":"2026-03-03T16:32:05","modified_gmt":"2026-03-03T16:32:05","slug":"kontakti","status":"publish","type":"page","link":"https:\/\/cesumakslasskola.lv\/?page_id=620","title":{"rendered":"Kontakti"},"content":{"rendered":"<p><strong>Direktore<\/strong><br \/>\n<strong>Patricija Brekte Pannetj\u0113 (Pannetier)<\/strong><\/p>\n<p>E-pasts: <a href=\"mailto:patricija.brekte-pannetje@cesunovads.edu.lv\">patricija.brekte-pannetje@cesunovads.edu.lv<\/a><br \/>\nT\u0101lrunis: +371 26553492<\/p>\n<p>Pie\u0146em\u0161anas laiks: Ceturtdiena plkst. 12.00\u201316.00<\/p>\n<p>Darba laiks: Pirmdiena &#8211; piektdiena, plkst. 10.00\u201318.00<\/p>\n<p>Kabinets Nr. 5<\/p>\n<p><strong>Direktora vietniece izgl\u012bt\u012bbas jom\u0101<\/strong><br \/>\n<strong>Rita Bukovska<\/strong><\/p>\n<p>E-pasts: <a href=\"mailto:rita.bukovska@cesunovads.edu.lv\">rita.bukovska@cesunovads.edu.lv<\/a><br \/>\nT\u0101lrunis: +371 22404553<\/p>\n<p>Pie\u0146em\u0161anas laiks: Pirmdiena, tre\u0161diena plkst. 11.30\u201313.30, 16.30\u201318.00<\/p>\n<p>Darba laiks: Pirmdiena &#8211; ceturtdiena, plkst. 11.00\u201318.30<\/p>\n<p>Kabinets Nr. 5<\/p>\n<p><strong>Direktora vietniece saimnieciskaj\u0101 darb\u0101<\/strong><br \/>\n<strong>Evija Lemberga<\/strong><\/p>\n<p>E-pasts: <a href=\"mailto:evija.lemberga@cesunovads.edu.lv\">evija.lemberga@cesunovads.edu.lv<\/a><br \/>\nT\u0101lrunis: +371 22841706<\/p>\n<p>Pie\u0146em\u0161anas un darba laiks: Otrdiena, ceturtdiena plkst. 11.00 &#8211; 19.00<\/p>\n<p>Kabinets Nr. 5<\/p>\n<p><strong>Projektu vad\u012bt\u0101ja<\/strong><br \/>\n<strong>Ilma Strazdi\u0146a<\/strong><\/p>\n<p>E-pasts: <a href=\"mailto:ilma.strazdina@cesunovads.edu.lv\">ilma.strazdina@cesunovads.edu.lv<\/a><br \/>\nT\u0101lrunis: +371 29816832<\/p>\n<p>Pie\u0146em\u0161anas laiks un darba laiks: Otrdiena, piektdiena plkst. 11.15\u201315.15<\/p>\n<p>Kabinets Nr. 5<\/p>\n<p><strong>Lietvede<\/strong><br \/>\n<strong>Marija B\u0113rzi\u0146a<\/strong><\/p>\n<p>E-pasts: <a href=\"mailto:marija.berzina@cesunovads.edu.lv\">marija.berzina@cesunovads.edu.lv<\/a><br \/>\nT\u0101lrunis: +371 26585610<\/p>\n<p>Darba laiks: Otrdiena &#8211; piektdiena plkst. 10.00\u201316.30<\/p>\n<p>Kabinets Nr. 10<\/p>\n<p><strong>Adrese:<\/strong><\/p>\n<p>Palasta iela 11, C\u0113sis, LV-4101, Latvija<br \/>\nC\u0113su prospekts 1, Prieku\u013ci, Prieku\u013cu pagasts, C\u0113su novads, LV-4126<\/p>\n<p><strong>Rekviz\u012bti<\/strong><br \/>\nRe\u0123. Nr. LV90000031048<br \/>\nAS SEB banka<br \/>\nKonta Nr. LV51UNLA0004013130835<br \/>\nSWIFT (BIC): UNLALV2X<\/p>\n<p>&nbsp;<\/p>\n<p>&nbsp;<\/p>\n<p>&nbsp;<\/p>\n<p>&nbsp;<\/p>\n<p>&nbsp;<\/p>\n<p>&nbsp;<\/p>\n<p>&nbsp;<\/p>\n<p><iframe loading=\"lazy\" src=\"http:\/\/maps.google.com\/maps?f=q&amp;source=embed&amp;hl=en&amp;geocode=&amp;q=Palasta+iela+11,+C%C4%93sis,+Latvija&amp;sll=57.36209,25.268555&amp;sspn=1.635445,4.438477&amp;ie=UTF8&amp;hq=&amp;hnear=Palasta+iela,+C%C4%93sis,+C%C4%93su+4101,+Latvia&amp;ll=57.313367,25.266636&amp;spn=0.024984,0.069351&amp;z=14&amp;output=embed\" width=\"425\" height=\"350\" frameborder=\"0\" marginwidth=\"0\" marginheight=\"0\" scrolling=\"no\"><\/iframe><br \/>\n<small><a style=\"color: #0000ff; text-align: left;\" href=\"http:\/\/maps.google.com\/maps?f=q&amp;source=embed&amp;hl=en&amp;geocode=&amp;q=Palasta+iela+11,+C%C4%93sis,+Latvija&amp;sll=57.36209,25.268555&amp;sspn=1.635445,4.438477&amp;ie=UTF8&amp;hq=&amp;hnear=Palasta+iela,+C%C4%93sis,+C%C4%93su+4101,+Latvia&amp;ll=57.313367,25.266636&amp;spn=0.024984,0.069351&amp;z=14\">View Larger Map<\/a><\/small><\/p>\n","protected":false},"excerpt":{"rendered":"<p>Direktore Patricija Brekte Pannetj\u0113 (Pannetier) E-pasts: patricija.brekte-pannetje@cesunovads.edu.lv T\u0101lrunis: +371 26553492 Pie\u0146em\u0161anas laiks: Ceturtdiena plkst. 12.00\u201316.00 Darba laiks: Pirmdiena &#8211; piektdiena, plkst. 10.00\u201318.00 Kabinets Nr. 5 Direktora vietniece izgl\u012bt\u012bbas jom\u0101 Rita Bukovska E-pasts: rita.bukovska@cesunovads.edu.lv T\u0101lrunis: +371 22404553 Pie\u0146em\u0161anas laiks: Pirmdiena, tre\u0161diena plkst. 11.30\u201313.30, 16.30\u201318.00 Darba laiks: Pirmdiena &#8211; ceturtdiena, plkst. 11.00\u201318.30 Kabinets Nr. 5 Direktora vietniece [&hellip;]<\/p>\n","protected":false},"author":1,"featured_media":0,"parent":0,"menu_order":3,"comment_status":"open","ping_status":"open","template":"","meta":{"footnotes":""},"class_list":["post-620","page","type-page","status-publish","hentry"],"_links":{"self":[{"href":"https:\/\/cesumakslasskola.lv\/index.php?rest_route=\/wp\/v2\/pages\/620","targetHints":{"allow":["GET"]}}],"collection":[{"href":"https:\/\/cesumakslasskola.lv\/index.php?rest_route=\/wp\/v2\/pages"}],"about":[{"href":"https:\/\/cesumakslasskola.lv\/index.php?rest_route=\/wp\/v2\/types\/page"}],"author":[{"embeddable":true,"href":"https:\/\/cesumakslasskola.lv\/index.php?rest_route=\/wp\/v2\/users\/1"}],"replies":[{"embeddable":true,"href":"https:\/\/cesumakslasskola.lv\/index.php?rest_route=%2Fwp%2Fv2%2Fcomments&post=620"}],"version-history":[{"count":47,"href":"https:\/\/cesumakslasskola.lv\/index.php?rest_route=\/wp\/v2\/pages\/620\/revisions"}],"predecessor-version":[{"id":8877,"href":"https:\/\/cesumakslasskola.lv\/index.php?rest_route=\/wp\/v2\/pages\/620\/revisions\/8877"}],"wp:attachment":[{"href":"https:\/\/cesumakslasskola.lv\/index.php?rest_route=%2Fwp%2Fv2%2Fmedia&parent=620"}],"curies":[{"name":"wp","href":"https:\/\/api.w.org\/{rel}","templated":true}]}}