{"id":725,"date":"2010-09-02T06:46:58","date_gmt":"2010-09-02T06:46:58","guid":{"rendered":"http:\/\/cesumakslasskola.lv\/"},"modified":"2010-09-16T12:18:40","modified_gmt":"2010-09-16T12:18:40","slug":"merki-un-uzdevumi","status":"publish","type":"page","link":"https:\/\/cesumakslasskola.lv\/?page_id=725","title":{"rendered":"M\u0113r\u0137i un uzdevumi"},"content":{"rendered":"<p>M\u0101kslas izgl\u012bt\u012bbas programmu skol\u0113ni apg\u016bst l\u012bdztekus visp\u0101r\u0113jai izgl\u012bt\u012bbai. Profesion\u0101las ievirzes izgl\u012bt\u012bbas programmas \u201eVizu\u0101li plastisk\u0101 m\u0101ksla\u201d m\u0113r\u0137i ir nodro\u0161in\u0101t iesp\u0113ju sagatavoties profesion\u0101l\u0101s vid\u0113j\u0101s izgl\u012bt\u012bbas ieguvei vizu\u0101li plastisk\u0101s m\u0101kslas, lieti\u0161\u0137\u0101s m\u0101kslas un dizaina programm\u0101s, sekm\u0113t izgl\u012btojam\u0101 veido\u0161anos par gar\u012bgi att\u012bst\u012btu, br\u012bvu, atbild\u012bgu un rado\u0161u person\u012bbu un rad\u012bt motiv\u0101ciju izgl\u012bt\u012bbas turpin\u0101\u0161anai profesion\u0101l\u0101s vid\u0113j\u0101s izgl\u012bt\u012bbas pak\u0101p\u0113.<\/p>\n<p>Profesion\u0101l\u0101s ievirzes izgl\u012bt\u012bbas programmas \u201eVizu\u0101li plastisk\u0101 m\u0101ksla\u201d galvenie uzdevumi ir nodro\u0161in\u0101t sistematiz\u0113tu pamatzin\u0101\u0161anu un pamatprasmju apguvei m\u0101kslas priek\u0161metos, veicin\u0101t m\u0101ksliniecisko sp\u0113ju att\u012bst\u012bbu, k\u0101 ar\u012b v\u0113rt\u012bborient\u0101cijas veido\u0161anu m\u0101ksl\u0101 atbilsto\u0161i uz\u0146em\u0161anas pras\u012bb\u0101m profesion\u0101l\u0101s vid\u0113j\u0101s izgl\u012bt\u012bbas programm\u0101s, sekm\u0113t m\u0101ksliniecisk\u0101s darb\u012bbas pieredzi un att\u012bst\u012bt jaunrades sp\u0113jas, att\u012bst\u012bt pamatprasmes m\u0101kslas projektu \u012bsteno\u0161anai, sekm\u0113t izgl\u012btojam\u0101 emocion\u0101lo un intelektu\u0101lo att\u012bst\u012bbu, atrais\u012bt izgl\u012btojam\u0101 individu\u0101l\u0101s rado\u0161\u0101s sp\u0113jas, sniegt zin\u0101\u0161anas par m\u0101kslas valodu un att\u012bst\u012bt prasmes raksturot m\u0101kslas darba t\u0113lain\u012bbu, apg\u016bt pamatterminolo\u0123iju m\u0101ksl\u0101, sniegt priek\u0161statu un att\u012bst\u012bt orient\u0113\u0161anos m\u0101kslas \u017eanros, stilos un m\u0101kslinieku dai\u013crad\u0113.<\/p>\n","protected":false},"excerpt":{"rendered":"<p>M\u0101kslas izgl\u012bt\u012bbas programmu skol\u0113ni apg\u016bst l\u012bdztekus visp\u0101r\u0113jai izgl\u012bt\u012bbai. Profesion\u0101las ievirzes izgl\u012bt\u012bbas programmas \u201eVizu\u0101li plastisk\u0101 m\u0101ksla\u201d m\u0113r\u0137i ir nodro\u0161in\u0101t iesp\u0113ju sagatavoties profesion\u0101l\u0101s vid\u0113j\u0101s izgl\u012bt\u012bbas ieguvei vizu\u0101li plastisk\u0101s m\u0101kslas, lieti\u0161\u0137\u0101s m\u0101kslas un dizaina programm\u0101s, sekm\u0113t izgl\u012btojam\u0101 veido\u0161anos par gar\u012bgi att\u012bst\u012btu, br\u012bvu, atbild\u012bgu un rado\u0161u person\u012bbu un rad\u012bt motiv\u0101ciju izgl\u012bt\u012bbas turpin\u0101\u0161anai profesion\u0101l\u0101s vid\u0113j\u0101s izgl\u012bt\u012bbas pak\u0101p\u0113. Profesion\u0101l\u0101s ievirzes izgl\u012bt\u012bbas [&hellip;]<\/p>\n","protected":false},"author":1,"featured_media":726,"parent":684,"menu_order":1,"comment_status":"open","ping_status":"closed","template":"","meta":{"footnotes":""},"class_list":["post-725","page","type-page","status-publish","has-post-thumbnail","hentry"],"_links":{"self":[{"href":"https:\/\/cesumakslasskola.lv\/index.php?rest_route=\/wp\/v2\/pages\/725","targetHints":{"allow":["GET"]}}],"collection":[{"href":"https:\/\/cesumakslasskola.lv\/index.php?rest_route=\/wp\/v2\/pages"}],"about":[{"href":"https:\/\/cesumakslasskola.lv\/index.php?rest_route=\/wp\/v2\/types\/page"}],"author":[{"embeddable":true,"href":"https:\/\/cesumakslasskola.lv\/index.php?rest_route=\/wp\/v2\/users\/1"}],"replies":[{"embeddable":true,"href":"https:\/\/cesumakslasskola.lv\/index.php?rest_route=%2Fwp%2Fv2%2Fcomments&post=725"}],"version-history":[{"count":3,"href":"https:\/\/cesumakslasskola.lv\/index.php?rest_route=\/wp\/v2\/pages\/725\/revisions"}],"predecessor-version":[{"id":978,"href":"https:\/\/cesumakslasskola.lv\/index.php?rest_route=\/wp\/v2\/pages\/725\/revisions\/978"}],"up":[{"embeddable":true,"href":"https:\/\/cesumakslasskola.lv\/index.php?rest_route=\/wp\/v2\/pages\/684"}],"wp:featuredmedia":[{"embeddable":true,"href":"https:\/\/cesumakslasskola.lv\/index.php?rest_route=\/wp\/v2\/media\/726"}],"wp:attachment":[{"href":"https:\/\/cesumakslasskola.lv\/index.php?rest_route=%2Fwp%2Fv2%2Fmedia&parent=725"}],"curies":[{"name":"wp","href":"https:\/\/api.w.org\/{rel}","templated":true}]}}